{"id":102751,"date":"2025-05-20T08:55:26","date_gmt":"2025-05-20T05:55:26","guid":{"rendered":"https:\/\/www.desjoyaux.md\/politica-de-protectie-a-datelor\/"},"modified":"2025-05-20T08:55:30","modified_gmt":"2025-05-20T05:55:30","slug":"politica-de-protectie-a-datelor","status":"publish","type":"page","link":"https:\/\/www.desjoyaux.md\/ro\/politica-de-protectie-a-datelor\/","title":{"rendered":"Politica de protec\u021bie a datelor"},"content":{"rendered":"<!-- EN-T\u00caTE SIMPLE -->\n<section class=\"header-simple\">\n        <a href=\"https:\/\/www.desjoyaux.md\/ro\/\" class=\"logo\">\n        <img loading=\"lazy\" decoding=\"async\" width=\"224\" height=\"117\" src=\"https:\/\/www.desjoyaux.md\/wp-content\/uploads\/2020\/02\/logo.png\" class=\"picture-mobile\" alt=\"logo\" \/><img loading=\"lazy\" decoding=\"async\" width=\"160\" height=\"80\" src=\"https:\/\/www.desjoyaux.md\/wp-content\/uploads\/2019\/12\/logo.png\" class=\"picture-desktop\" alt=\"logo\" \/>    <\/a>\n\n    <div class=\"banner\">\n        <div class=\"half-circle\"><\/div>\n        <div class=\"title\">\n                            <h1><strong>Politique de protection des donn\u00e9es<\/strong><\/h1>\n                    <\/div>\n    <\/div>\n\n    <!-- BREADCRUMB -->\n        <div class=\"breadcrumb\">\n                \n            \n        \n            \n                <a href=\"https:\/\/www.desjoyaux.md\/ro\/\">Acas\u0103<\/a> \/ <a href=\"https:\/\/www.desjoyaux.md\/ro\/politica-de-protectie-a-datelor\/\">Politica de protec\u021bie a datelor<\/a>    <\/div>\n        <!-- END BREADCRUMB -->\n<\/section>\n<!-- END EN-T\u00caTE SIMPLE -->\n<section id=\"\" class=\"visual-text no-media  \">\n    <div class=\"block\" style=\"background-color: #80D2CC;\">\n        <div class=\"illustration smaller\"><\/div>\n                    <h3><p>I. Que sont les cookies ?<\/p>\n<\/h3>\n                            <p><p>Lors de vos visites sur notre site<span>\u00a0<\/span><a href=\"https:\/\/www.desjoyaux.md\/\">https:\/\/www.desjoyaux.md<\/a>, des technologies de tra\u00e7age sont utilis\u00e9es et des donn\u00e9es sont collect\u00e9es. Le terme \u00ab cookies \u00bb d\u00e9signe l\u2019ensemble des technologies de tra\u00e7age susceptibles d\u2019\u00eatre utilis\u00e9es. Il s\u2019agit notamment de fichiers texte enregistr\u00e9s sur votre terminal lors de votre visite sur le site, contenant des informations sur votre navigation sur le site et permettant certaines fonctionnalit\u00e9s.<\/p>\n<p>Il existe plusieurs cat\u00e9gories de cookies, qui poursuivent des finalit\u00e9s diff\u00e9rentes :<\/p>\n<p>\u2022 <strong>Les cookies techniques :<\/strong><span>\u00a0<\/span>ces cookies contribuent \u00e0 rendre notre site utilisable en activant des fonctions de base comme la navigation de page. Notre site ne peut pas fonctionner correctement sans ces cookies.<\/p>\n<p>\u2022 <strong>Les cookies de mesure d\u2019audience :<\/strong>\u00a0ces cookies nous aident, par la collecte et la communication d&#8217;informations de mani\u00e8re anonyme, \u00e0 mesurer le nombre de visiteurs et \u00e0 comprendre comment vous interagissez avec le site.<\/p>\n<p>\u2022 <strong>Les cookies de r\u00e9seaux sociaux :<\/strong><span>\u00a0<\/span>ces cookies dits \u00ab sociaux \u00bb sont li\u00e9s aux services fournis par des sites tiers, comme les boutons applicatifs \u00ab J\u2019aime \u00bb, \u00ab Partager \u00bb ou les lecteurs de contenu multim\u00e9dia.<br \/>\nIls sont utilis\u00e9s pour vous fournir des services ou pour m\u00e9moriser vos pr\u00e9f\u00e9rences de partage avec les r\u00e9seaux sociaux.<br \/>\nLe r\u00e9seau social fournissant un tel bouton applicatif est susceptible de vous identifier gr\u00e2ce \u00e0 ce bouton, m\u00eame si vous n&#8217;avez pas utilis\u00e9 ce bouton lors de votre consultation de notre site. En effet, ce type de bouton applicatif peut permettre au r\u00e9seau social concern\u00e9 de comprendre votre navigation sur notre site, du seul fait que votre compte au r\u00e9seau social concern\u00e9 \u00e9tait activ\u00e9 sur votre terminal (session ouverte) durant votre navigation sur notre site.<\/p>\n<p>\u2022 <strong>Les cookies publicitaires :<\/strong><span>\u00a0<\/span>ces cookies sont utilis\u00e9s pour vous pr\u00e9senter des publicit\u00e9s qui peuvent correspondre \u00e0 vos centres d&#8217;int\u00e9r\u00eat, en personnalisant la publicit\u00e9 et le contenu de notre site.<br \/>\nLes cookies peuvent \u00eatre d\u00e9pos\u00e9s par nous ou par des tiers. Dans ce dernier cas, nous vous informons concernant ces cookies et recueillons votre consentement pr\u00e9alablement \u00e0 leur d\u00e9p\u00f4t, mais nous n\u2019avons pas de contr\u00f4le direct sur ces cookies.<\/p>\n<\/p>\n                    <\/div>\n\n    <\/section>\n<!-- END ENCART TEXTE + VISUEL -->\n<section id=\"\" class=\"visual-text no-media  \">\n    <div class=\"block\" style=\"background-color: #6A7C9B;\">\n        <div class=\"illustration smaller\"><\/div>\n                    <h3><p>II. Vos droits concernant les cookies<\/p>\n<\/h3>\n                            <p><p>A) VOTRE CONSENTEMENT AU D\u00c9P\u00d4T DE COOKIES<\/p>\n<p>Conform\u00e9ment aux dispositions applicables ainsi qu\u2019aux recommandations de la CNIL, aucun cookie n\u2019est d\u00e9pos\u00e9 si vous n\u2019avez pas consenti \u00e0 ce d\u00e9p\u00f4t. Nous recueillons votre consentement lors de votre visite sur notre site en vous informant, par un bandeau, de la finalit\u00e9 des cookies utilis\u00e9s et du fait qu\u2019en poursuivant votre navigation sur notre site, vous consentez au d\u00e9p\u00f4t des cookies.<\/p>\n<p>La dur\u00e9e de validit\u00e9 de votre consentement est de 13 mois.<\/p>\n<p>Certains cookies, consid\u00e9r\u00e9s comme strictement n\u00e9cessaires \u00e0 la fourniture du service, sont exempt\u00e9s de consentement.<\/p>\n<p>Tel est notamment le cas des traceurs suivants :<\/p>\n<p>\u2022 Les cookies de \u00ab panier d\u2019achat \u00bb ;<\/p>\n<p>\u2022 Les cookies \u00ab identifiants de session \u00bb pour la dur\u00e9e d\u2019une session, ou les cookies persistants limit\u00e9s \u00e0 quelques heures dans certains cas ;<\/p>\n<p>\u2022 Les cookies d\u2019authentification ;<\/p>\n<p>\u2022 Certaines solutions d\u2019analyse de mesure d\u2019audience (analytics) ;<\/p>\n<p>\u2022 Les cookies persistants de personnalisation de l\u2019interface utilisateur (choix de langue ou de pr\u00e9sentation).<\/p>\n<p>Vous pouvez retirer votre consentement \u00e0 tout moment en vous opposant au d\u00e9p\u00f4t des cookies.<\/p>\n<\/p>\n                    <\/div>\n\n    <\/section>\n<!-- END ENCART TEXTE + VISUEL -->\n<section id=\"\" class=\"visual-text no-media  \">\n    <div class=\"block\" style=\"background-color: #DBA4A9;\">\n        <div class=\"illustration smaller\"><\/div>\n                            <p><p>B) OPPOSITION AU D\u00c9P\u00d4T DES COOKIES<\/p>\n<p><strong>1. Le param\u00e9trage du navigateur<\/strong><\/p>\n<p>Vous pouvez configurer votre navigateur concernant les cookies. Vous pouvez refuser ou accepter certaines cat\u00e9gories de cookies. Vous trouverez ci-dessous les liens vous permettant de param\u00e9trer vos navigateurs :<\/p>\n<p>Google Chrome : <a href=\"https:\/\/support.google.com\/chrome\/answer\/95647?hl=fr\">https:\/\/support.google.com\/chrome\/answer\/95647?hl=fr<\/a><\/p>\n<p>Internet Explorer : <a href=\"https:\/\/support.microsoft.com\/fr-fr\/help\/17442\/windows-internet-explorer-delete-manage-cookies\">https:\/\/support.microsoft.com\/fr-fr\/help\/17442\/windows-internet-explorer-delete-manage-cookies<\/a><\/p>\n<p>Mozilla Firefox : <a href=\"https:\/\/support.mozilla.org\/fr\/kb\/autoriser-bloquer-cookies-preferences-sites\">https:\/\/support.mozilla.org\/fr\/kb\/autoriser-bloquer-cookies-preferences-sites<\/a><\/p>\n<p>Safari : <a href=\"https:\/\/support.apple.com\/fr-fr\/guide\/safari\/sfri11471\/mac\">https:\/\/support.apple.com\/fr-fr\/guide\/safari\/sfri11471\/mac<\/a><\/p>\n<p>Safari (mobile) : <a href=\"https:\/\/support.apple.com\/fr-fr\/HT201265\">https:\/\/support.apple.com\/fr-fr\/HT201265<\/a><\/p>\n<p>Navigateur Android : <a href=\"https:\/\/support.google.com\/chrome\/answer\/95647?co=GENIE.Platform%3DAndro...\">https:\/\/support.google.com\/chrome\/answer\/95647?co=GENIE.Platform%3DAndro&#8230;<\/a><\/p>\n<p><strong>2. Le param\u00e9trage des cookies d\u00e9pos\u00e9s par des tiers<\/strong><\/p>\n<p>Vous pouvez vous opposer au d\u00e9p\u00f4t des cookies d\u00e9pos\u00e9s par des tiers en cliquant sur les liens suivants :<\/p>\n<p>Facebook : <a href=\"https:\/\/fr-fr.facebook.com\/policies\/cookies\/\">https:\/\/fr-fr.facebook.com\/policies\/cookies\/<\/a><\/p>\n<p>Twitter : <a href=\"https:\/\/help.twitter.com\/fr\/rules-and-policies\/twitter-cookies\">https:\/\/help.twitter.com\/fr\/rules-and-policies\/twitter-cookies<\/a><\/p>\n<p>Pinterest : <a href=\"https:\/\/help.pinterest.com\/fr\/article\/personalization-and-data\">https:\/\/help.pinterest.com\/fr\/article\/personalization-and-data<\/a><\/p>\n<p>Google + Youtube : <a href=\"https:\/\/policies.google.com\/technologies\/cookies?hl=fr&#038;gl=fr\">https:\/\/policies.google.com\/technologies\/cookies?hl=fr&#038;gl=fr<\/a><\/p>\n<p>Google Ad Manager : <a href=\"https:\/\/support.google.com\/admanager\/answer\/3202794?hl=fr\">https:\/\/support.google.com\/admanager\/answer\/3202794?hl=fr<\/a><\/p>\n<p>LinkedIn : <a href=\"https:\/\/www.linkedin.com\/psettings\/guest-controls\/retargeting-opt-out?trk=microsites-frontend_legal_cookie-policy\">https:\/\/www.linkedin.com\/psettings\/guest-controls\/retargeting-opt-out?trk=microsites-frontend_legal_cookie-policy<\/a><\/p>\n<p>3.Le param\u00e9trage des cookies de publicit\u00e9 personnalis\u00e9e par la plateforme interprofessionnelle \u00ab Youronlinechoices \u00bb<\/p>\n<p>Vous pouvez vous connecter au site Youronlinechoices, propos\u00e9 par les professionnels de la publicit\u00e9 digitale regroup\u00e9s au sein de l\u2019association europ\u00e9enne EDAA (European Digital Advertising Alliance) et g\u00e9r\u00e9 en France par l\u2019Interactive Advertising Bureau France.<\/p>\n<p>Vous pourrez ainsi conna\u00eetre les entreprises inscrites \u00e0 cette plateforme et qui vous offrent la possibilit\u00e9 de refuser ou d&#8217;accepter les cookies utilis\u00e9s par ces entreprises pour adapter \u00e0 vos informations de navigation les publicit\u00e9s susceptibles d&#8217;\u00eatre affich\u00e9es sur votre terminal :<\/p>\n<p><a href=\"http:\/\/www.youronlinechoices.com\/fr\/controler-ses-cookies\/\">http:\/\/www.youronlinechoices.com\/fr\/controler-ses-cookies\/<\/a><\/p>\n<p>Cette plateforme europ\u00e9enne est partag\u00e9e par des centaines de professionnels de la publicit\u00e9 sur internet et constitue une interface centralis\u00e9e vous permettant d&#8217;exprimer votre refus ou votre acceptation des cookies susceptibles d&#8217;\u00eatre utilis\u00e9s afin d&#8217;adapter \u00e0 la navigation de votre terminal les publicit\u00e9s susceptibles d&#8217;y \u00eatre affich\u00e9es. Notez que cette proc\u00e9dure n&#8217;emp\u00eachera pas l&#8217;affichage de publicit\u00e9s sur les sites internet que vous visitez. Elle ne bloquera que les technologies qui permettent d&#8217;adapter des publicit\u00e9s \u00e0 vos centres d&#8217;int\u00e9r\u00eats.<\/p>\n<\/p>\n                    <\/div>\n\n    <\/section>\n<!-- END ENCART TEXTE + VISUEL -->\n<!-- TEMOIGNAGE VIDEO \/ TEXTE -->\n<section class=\"testimonyItem text \">\n    <div class=\"illustration\"><\/div>\n\n    <div class=\"content text\">\n        <div class=\"illustration\"><\/div>\n        <div class=\"author\" style=\"background-color: #80D2CC;\">\n            <h3>III. D\u00e9tail des cookies utilis\u00e9s sur notre site <\/h3>\n            <p><\/p>\n        <\/div>\n        \n                    <div class=\"text\" style=\"background-color: #80D2CC;\">\n                <p><table border=\"1\" cellspacing=\"0\" cellpadding=\"5\"> <tbody> <tr> <td valign=\"top\"> <strong>Nom<\/strong> <\/td> <td valign=\"top\"> <strong>Finalit\u00e9<\/strong> <\/td> <td valign=\"top\"> <strong>Emetteur<\/strong> <\/td> <td valign=\"top\"> <strong>Dur\u00e9e de vie<\/strong> <\/td> <\/tr> <tr> <td valign=\"top\">Youtube<\/td> <td valign=\"top\">Permet de mesurer et de constituer des audiences<\/td> <td valign=\"top\"><em>Google<\/em><\/td> <td valign=\"top\"><em>13 mois maximum<\/em><\/td> <\/tr> <tr> <td valign=\"top\">Cookie RGPD<\/td> <td valign=\"top\">Sauvegarde de l&#8217;acceptation<\/td> <td valign=\"top\"><em>Desjoyaux<\/em><\/td> <td valign=\"top\"><em>13 mois maximum<\/em><\/td> <\/tr> <tr> <td valign=\"top\">Cookie configurateur<\/td> <td valign=\"top\">Sauvegarde les trois configurations dans le configurateur<\/td> <td valign=\"top\"><em>Desjoyaux<\/em><\/td> <td valign=\"top\"><em>1 journ\u00e9e maximum<\/em><\/td> <\/tr> <tr> <td valign=\"top\">Campaign Manager<\/td> <td valign=\"top\">Mesure audience &amp; Publicit\u00e9 personnalis\u00e9e<\/td> <td valign=\"top\">Campaign Manager<\/td> <td valign=\"top\">13 mois maximum<\/td> <\/tr> <tr> <td valign=\"top\">Linkedin<\/td> <td valign=\"top\">Publicit\u00e9 personnalis\u00e9e<\/td> <td valign=\"top\">Linkedin<\/td> <td valign=\"top\">13 mois maximum<\/td> <\/tr> <tr> <td valign=\"top\">Manageo<\/td> <td valign=\"top\">Publicit\u00e9 personnalis\u00e9e<\/td> <td valign=\"top\">Manageo<\/td> <td valign=\"top\">13 mois maximum<\/td> <\/tr> <tr> <td valign=\"top\">Adwords<\/td> <td valign=\"top\">Mesure audience &amp; Publicit\u00e9 personnalis\u00e9e<\/td> <td valign=\"top\">Adwords<\/td> <td valign=\"top\">13 mois maximum<\/td> <\/tr> <tr> <td valign=\"top\">Bing<\/td> <td valign=\"top\">Publicit\u00e9 personnalis\u00e9e<\/td> <td valign=\"top\">Bing<\/td> <td valign=\"top\">13 mois maximum<\/td> <\/tr> <tr> <td valign=\"top\">Captify<\/td> <td valign=\"top\">Mesure audience &amp; Publicit\u00e9 personnalis\u00e9e<\/td> <td valign=\"top\">Captify<\/td> <td valign=\"top\">13 mois maximum<\/td> <\/tr> <tr> <td valign=\"top\">Amazon<\/td> <td valign=\"top\">Publicit\u00e9 personnalis\u00e9e<\/td> <td valign=\"top\">Amazon<\/td> <td valign=\"top\">13 mois maximum<\/td> <\/tr> <tr> <td valign=\"top\">Public id\u00e9es<\/td> <td valign=\"top\">Publicit\u00e9 personnalis\u00e9e<\/td> <td valign=\"top\">Public id\u00e9es<\/td> <td valign=\"top\">13 mois maximum<\/td> <\/tr> <tr> <td valign=\"top\">Pinterest<\/td> <td valign=\"top\">Publicit\u00e9 personnalis\u00e9e<\/td> <td valign=\"top\">Pinterest<\/td> <td valign=\"top\">13 mois maximum<\/td> <\/tr> <tr> <td valign=\"top\">Facebook<\/td> <td valign=\"top\">Publicit\u00e9 personnalis\u00e9e<\/td> <td valign=\"top\">Facebook<\/td> <td valign=\"top\">13 mois maximum<\/td> <\/tr> <tr> <td valign=\"top\">Linkedin<\/td> <td valign=\"top\">Publicit\u00e9 personnalis\u00e9e<\/td> <td valign=\"top\">Linkedin<\/td> <td valign=\"top\">13 mois maximum<\/td> <\/tr> <tr> <td valign=\"top\">Reworld media<\/td> <td valign=\"top\">Publicit\u00e9 personnalis\u00e9e<\/td> <td valign=\"top\">Reworld media<\/td> <td valign=\"top\">13 mois maximum<\/td> <\/tr> <tr> <td valign=\"top\">Oath<\/td> <td valign=\"top\">Publicit\u00e9 personnalis\u00e9e<\/td> <td valign=\"top\">Oath<\/td> <td valign=\"top\">13 mois maximum<\/td> <\/tr> <\/tbody> <\/table><\/p>\n                            <\/div>\n            <\/div>\n<\/section>\n<!-- END TEMOIGNAGE VIDEO \/ TEXTE -->\n<div style=\"height:100px\" aria-hidden=\"true\" class=\"wp-block-spacer\"><\/div>\n\n<p><\/p>\n","protected":false},"excerpt":{"rendered":"","protected":false},"author":23,"featured_media":0,"parent":0,"menu_order":0,"comment_status":"closed","ping_status":"closed","template":"","meta":{"_acf_changed":false,"_glsr_average":0,"_glsr_ranking":0,"_glsr_reviews":0,"footnotes":""},"class_list":["post-102751","page","type-page","status-publish","hentry"],"acf":[],"yoast_head":"<!-- This site is optimized with the Yoast SEO plugin v24.6 - https:\/\/yoast.com\/wordpress\/plugins\/seo\/ -->\n<title>Politica de protec\u021bie a datelor | Piscine Desjoyaux<\/title>\n<meta name=\"description\" content=\"Descoperi\u021bi politica Desjoyaux de protec\u021bie a datelor.\" \/>\n<meta name=\"robots\" content=\"index, follow, max-snippet:-1, max-image-preview:large, max-video-preview:-1\" \/>\n<link rel=\"canonical\" href=\"https:\/\/www.desjoyaux.md\/ro\/politica-de-protectie-a-datelor\/\" \/>\n<meta property=\"og:locale\" content=\"ro_RO\" \/>\n<meta property=\"og:type\" content=\"article\" \/>\n<meta property=\"og:title\" content=\"Politica de protec\u021bie a datelor | Piscine Desjoyaux\" \/>\n<meta property=\"og:description\" content=\"Descoperi\u021bi politica Desjoyaux de protec\u021bie a datelor.\" \/>\n<meta property=\"og:url\" content=\"https:\/\/www.desjoyaux.md\/ro\/politica-de-protectie-a-datelor\/\" \/>\n<meta property=\"og:site_name\" content=\"Piscines Desjoyaux\" \/>\n<meta property=\"article:publisher\" content=\"https:\/\/www.facebook.com\/Piscines.Desjoyaux\" \/>\n<meta property=\"article:modified_time\" content=\"2025-05-20T05:55:30+00:00\" \/>\n<meta name=\"twitter:card\" content=\"summary_large_image\" \/>\n<meta name=\"twitter:site\" content=\"@Desjoyaux_pools\" \/>\n<!-- \/ Yoast SEO plugin. -->","yoast_head_json":{"title":"Politica de protec\u021bie a datelor | Piscine Desjoyaux","description":"Descoperi\u021bi politica Desjoyaux de protec\u021bie a datelor.","robots":{"index":"index","follow":"follow","max-snippet":"max-snippet:-1","max-image-preview":"max-image-preview:large","max-video-preview":"max-video-preview:-1"},"canonical":"https:\/\/www.desjoyaux.md\/ro\/politica-de-protectie-a-datelor\/","og_locale":"ro_RO","og_type":"article","og_title":"Politica de protec\u021bie a datelor | Piscine Desjoyaux","og_description":"Descoperi\u021bi politica Desjoyaux de protec\u021bie a datelor.","og_url":"https:\/\/www.desjoyaux.md\/ro\/politica-de-protectie-a-datelor\/","og_site_name":"Piscines Desjoyaux","article_publisher":"https:\/\/www.facebook.com\/Piscines.Desjoyaux","article_modified_time":"2025-05-20T05:55:30+00:00","twitter_card":"summary_large_image","twitter_site":"@Desjoyaux_pools","schema":{"@context":"https:\/\/schema.org","@graph":[{"@type":"WebPage","@id":"https:\/\/www.desjoyaux.md\/ro\/politica-de-protectie-a-datelor\/","url":"https:\/\/www.desjoyaux.md\/ro\/politica-de-protectie-a-datelor\/","name":"Politica de protec\u021bie a datelor | Piscine Desjoyaux","isPartOf":{"@id":"https:\/\/www.desjoyaux.md\/en\/#website"},"datePublished":"2025-05-20T05:55:26+00:00","dateModified":"2025-05-20T05:55:30+00:00","description":"Descoperi\u021bi politica Desjoyaux de protec\u021bie a datelor.","breadcrumb":{"@id":"https:\/\/www.desjoyaux.md\/ro\/politica-de-protectie-a-datelor\/#breadcrumb"},"inLanguage":"ro-RO","potentialAction":[{"@type":"ReadAction","target":["https:\/\/www.desjoyaux.md\/ro\/politica-de-protectie-a-datelor\/"]}]},{"@type":"BreadcrumbList","@id":"https:\/\/www.desjoyaux.md\/ro\/politica-de-protectie-a-datelor\/#breadcrumb","itemListElement":[{"@type":"ListItem","position":1,"name":"Home","item":"https:\/\/www.desjoyaux.md\/ro\/"},{"@type":"ListItem","position":2,"name":"Politica de protec\u021bie a datelor"}]},{"@type":"WebSite","@id":"https:\/\/www.desjoyaux.md\/en\/#website","url":"https:\/\/www.desjoyaux.md\/en\/","name":"Piscines Desjoyaux","description":"","potentialAction":[{"@type":"SearchAction","target":{"@type":"EntryPoint","urlTemplate":"https:\/\/www.desjoyaux.md\/en\/?s={search_term_string}"},"query-input":{"@type":"PropertyValueSpecification","valueRequired":true,"valueName":"search_term_string"}}],"inLanguage":"ro-RO"}]}},"_links":{"self":[{"href":"https:\/\/www.desjoyaux.md\/ro\/wp-json\/wp\/v2\/pages\/102751","targetHints":{"allow":["GET"]}}],"collection":[{"href":"https:\/\/www.desjoyaux.md\/ro\/wp-json\/wp\/v2\/pages"}],"about":[{"href":"https:\/\/www.desjoyaux.md\/ro\/wp-json\/wp\/v2\/types\/page"}],"author":[{"embeddable":true,"href":"https:\/\/www.desjoyaux.md\/ro\/wp-json\/wp\/v2\/users\/23"}],"replies":[{"embeddable":true,"href":"https:\/\/www.desjoyaux.md\/ro\/wp-json\/wp\/v2\/comments?post=102751"}],"version-history":[{"count":2,"href":"https:\/\/www.desjoyaux.md\/ro\/wp-json\/wp\/v2\/pages\/102751\/revisions"}],"predecessor-version":[{"id":102754,"href":"https:\/\/www.desjoyaux.md\/ro\/wp-json\/wp\/v2\/pages\/102751\/revisions\/102754"}],"wp:attachment":[{"href":"https:\/\/www.desjoyaux.md\/ro\/wp-json\/wp\/v2\/media?parent=102751"}],"curies":[{"name":"wp","href":"https:\/\/api.w.org\/{rel}","templated":true}]}}