{"id":102704,"date":"2025-05-20T08:22:58","date_gmt":"2025-05-20T05:22:58","guid":{"rendered":"https:\/\/www.desjoyaux.md\/studiu-personalizat\/"},"modified":"2025-05-26T04:16:43","modified_gmt":"2025-05-26T01:16:43","slug":"studiu-personalizat","status":"publish","type":"page","link":"https:\/\/www.desjoyaux.md\/ro\/studiu-personalizat\/","title":{"rendered":"Studiou Personalizat"},"content":{"rendered":"<!-- EN-T\u00caTE SIMPLE -->\n<section class=\"header-simple\">\n        <a href=\"https:\/\/www.desjoyaux.md\/ro\/\" class=\"logo\">\n        <img loading=\"lazy\" decoding=\"async\" width=\"224\" height=\"117\" src=\"https:\/\/www.desjoyaux.md\/wp-content\/uploads\/2020\/02\/logo.png\" class=\"picture-mobile\" alt=\"logo\" \/><img loading=\"lazy\" decoding=\"async\" width=\"160\" height=\"80\" src=\"https:\/\/www.desjoyaux.md\/wp-content\/uploads\/2019\/12\/logo.png\" class=\"picture-desktop\" alt=\"logo\" \/>    <\/a>\n\n    <div class=\"banner\">\n        <div class=\"half-circle\"><\/div>\n        <div class=\"title\">\n                            <h1><\/h1>\n                    <\/div>\n    <\/div>\n\n    <!-- BREADCRUMB -->\n        <div class=\"breadcrumb\">\n                \n            \n        \n            \n                <a href=\"https:\/\/www.desjoyaux.md\/ro\/\">Acas\u0103<\/a> \/ <a href=\"https:\/\/www.desjoyaux.md\/ro\/studiu-personalizat\/\">Studiou Personalizat<\/a>    <\/div>\n        <!-- END BREADCRUMB -->\n<\/section>\n<!-- END EN-T\u00caTE SIMPLE -->\n\n<!-- DESCRIPTION -->\n<section class=\"description \">\n    <p>Distribuitorii no\u0219tri sunt aici pentru a r\u0103spunde la toate \u00eentreb\u0103rile dumneavoastr\u0103 \u0219i a v\u0103 oferi un studiu de fezabilitate personalizat, adaptat proiectului dumneavoastr\u0103.  L\u0103sa\u021bi-ne datele dumneavoastr\u0103 de contact, cel mai apropiat distribuitor Desjoyaux v\u0103 va contacta c\u00e2t mai cur\u00e2nd posibil!<\/p>\n<\/section>\n<!-- END DESCRIPTION -->\n\n<!-- FORMULAIRE DEMANDE DE DEVIS -->\n        <section class=\"form quote-request-form\">\n        <form name=\"quote-request-form\" id=\"form\" action=\"#\" method=\"POST\" autocomplete=\"on\">\n            <h2>Datele dumneavoastr\u0103 de contact<\/h2>\n            <input type=\"hidden\" id=\"gclid\" name=\"gclid\" value=\"\" \/>\n            <input type=\"hidden\" id=\"fbclid\" name=\"fbclid\" value=\"\" \/>\n            <input type=\"hidden\" id=\"dclid\" name=\"dclid\" value=\"\" \/>\n            <input type=\"hidden\" id=\"utm_campaign\" name=\"utm_campaign\" value=\"\" \/>\n            <input type=\"hidden\" id=\"utm_medium\" name=\"utm_medium\" value=\"\" \/>\n            <input type=\"hidden\" id=\"utm_source\" name=\"utm_source\" value=\"\" \/>\n            <input type=\"hidden\" id=\"_fbp\" name=\"_fbp\" value=\"\" \/>\n            <input type=\"hidden\" id=\"_fbc\" name=\"_fbc\" value=\"\" \/>\n            <input type=\"hidden\" id=\"c_address_quality\" name=\"c_address_quality\" value=\"60\" \/>\n            <input type=\"hidden\" id=\"c_email_quality\" name=\"c_email_quality\" value=\"XXXXX\" \/>\n            <input type=\"hidden\" id=\"locality\" name=\"locality\" value=\"\" \/>\n            <input type=\"hidden\" id=\"token\" name=\"token\" value=\"a67a5b622631e76f85efd9caaf3b0ee2\">\n\n            <div class=\"form-row\">\n                <div class=\"form-column\">\n                    <label class=\"input-text\" for=\"firstname\">Prenumele*<\/label>\n                    <input type=\"text\" name=\"firstname\" id=\"firstname\" placeholder=\"\" required \/>\n                <\/div>\n                <div class=\"form-column\">\n                    <label class=\"input-text\" for=\"lastname\">Nume*<\/label>\n                    <input type=\"text\" name=\"lastname\" id=\"lastname\" placeholder=\"\" required \/>\n                <\/div>\n            <\/div>\n\n            <div class=\"form-row\">\n                <div class=\"form-column\">\n                    <label class=\"input-text\" for=\"email\">E-mail*<\/label>\n                    <input type=\"email\" name=\"email\" id=\"email\" placeholder=\"\" required \/>\n                <\/div>\n                <div class=\"form-column\">\n                    <label class=\"input-text\" for=\"phone\">Tel.*<\/label>\n                    <input size=\"10\"  type=\"tel\" name=\"phone\" id=\"phone\" placeholder=\"\" required \/>\n                <\/div>\n            <\/div>\n\n            <h2>Proiectul dvs.<\/h2>\n\n            <div class=\"form-row\">\n                <div class=\"form-column select\">\n                    <label class=\"input-text\" for=\"object\">Obiectul cererii dumneavoastr\u0103<\/label>\n                    <select name=\"object\" id=\"object\">\n                        <option value=\"\">&nbsp;<\/option>\n                        <option value=\"Gata de scufundare\">Piscin\u0103<\/option>\n                        <option value=\"Echipament\">Echipament<\/option>\n                        <option value=\"Renovare\">Renovare<\/option>\n                                                <option value=\"Ad\u0103post\">Ad\u0103post<\/option>\n                        <option value=\"Altele\">Altele<\/option>\n                    <\/select>\n                <\/div>\n                <div class=\"form-column\">\n                    <label class=\"input-text\" for=\"zipcode\">Cod po\u0219tal*<\/label>\n                    <input size=\"5\" type=\"tel\" name=\"zipcode\" id=\"zipcode\" placeholder=\"\" required autocomplete=\"69df51e17f166\" \/>\n                    <div class=\"suggestions\"><\/div>\n                <\/div>\n            <\/div>\n\n            <div class=\"form-row\">\n                <div class=\"form-column\">\n                    <label class=\"input-text\" for=\"city\">Ora\u0219\/localitate*<\/label>\n                    <input type=\"text\" name=\"city\" id=\"city\" placeholder=\"\" required autocomplete=\"69df51e17f167\" \/>\n                    <div class=\"suggestions\"><\/div>\n                <\/div>\n                <div class=\"form-column\">\n                    <label class=\"input-text\" for=\"address1\">Adresa* (num\u0103rul casei \u0219i strada)<\/label>\n                    <input type=\"text\" name=\"address1\" id=\"address1\" placeholder=\"\" required autocomplete=\"69df51e17f168\" \/>\n                    <div class=\"suggestions\"><\/div>\n                <\/div>\n            <\/div>\n\n            <div class=\"form-row\">\n                <div class=\"form-column\">\n                    <label class=\"input-text\" for=\"address2\">Linia de adres\u0103 2<\/label>\n                    <input type=\"text\" name=\"address2\" id=\"address2\" placeholder=\"\" autocomplete=\"69df51e17f169\" \/>\n                    <div class=\"suggestions\"><\/div>\n                <\/div>\n\n                <div class=\"form-column\">\n                    <label class=\"input-text\" for=\"country\">\u021aara<\/label>\n                    <select name=\"country\" id=\"country\">\n\n                                                     <option value=\"MOLDOVA\">MOLDOVA<\/option>\n                        \n                    <\/select>\n                <\/div>\n\n\n\n\n            <\/div>\n\n            <h2>Mesajul dvs.<\/h2>\n            <p class=\"not-mandatory\">(op\u021bional)<\/p>\n\n            <div class=\"form-row\">\n                <div class=\"form-column full center\">\n                    <textarea name=\"message\" id=\"message\" placeholder=\"Pute\u021bi utiliza acest c\u00e2mp pentru a specifica cererea dvs.\"><\/textarea><br \/>\n                    <p class=\"legals\">* Aceste c\u00e2mpuri trebuie completate pentru a ne permite s\u0103 proces\u0103m<br\/>cererea dumneavoastr\u0103 pentru un studiu de fezabilitate personalizat.<\/p>\n                <\/div>\n            <\/div>\n\n            <div class=\"form-row\">\n                <div class=\"form-column full checkbox\">\n                    <input type=\"checkbox\" name=\"optin1\" id=\"optin1\" value=\"1\" \/>\n                    <label class=\"checkbox circle\" for=\"optin1\">Am citit \u0219i accept <a href=\"\/confidentiality-policy\/\" target=\"_blank\" rel=\"noopener\">politica de confiden\u021bialitate desjoyaux.eu<\/a><\/label>\n                <\/div>\n            <\/div>\n\n            <div class=\"form-row\">\n                <div class=\"form-column full checkbox\">\n                    <input type=\"checkbox\" name=\"optin2\" id=\"optin2\" value=\"1\" \/>\n                    <label class=\"checkbox circle\" for=\"optin2\">Doresc s\u0103 primesc oferte speciale de la Desjoyaux Pools<\/label>\n                <\/div>\n            <\/div>\n\n            <div class=\"form-row\">\n                <div class=\"form-column full center\">\n                    <input type=\"submit\" class=\"cta\" value=\"Trimite\u021bi\" disabled=\"disabled\" \/>\n                <\/div>\n            <\/div>\n        <\/form>\n    <\/section>\n\n\n<!-- END FORMULAIRE DEMANDE DE DEVIS -->\n","protected":false},"excerpt":{"rendered":"","protected":false},"author":23,"featured_media":0,"parent":0,"menu_order":0,"comment_status":"closed","ping_status":"closed","template":"","meta":{"_acf_changed":false,"_glsr_average":0,"_glsr_ranking":0,"_glsr_reviews":0,"footnotes":""},"class_list":["post-102704","page","type-page","status-publish","hentry"],"acf":[],"yoast_head":"<!-- This site is optimized with the Yoast SEO plugin v24.6 - https:\/\/yoast.com\/wordpress\/plugins\/seo\/ -->\n<title>Studiu personalizat | Piscine Desjoyaux<\/title>\n<meta name=\"description\" content=\"Contacta\u021bi-ne pentru a primi un studiu personalizat, adaptat proiectului dumneavoastr\u0103 de piscin\u0103.\" \/>\n<meta name=\"robots\" content=\"index, follow, max-snippet:-1, max-image-preview:large, max-video-preview:-1\" \/>\n<link rel=\"canonical\" href=\"https:\/\/www.desjoyaux.md\/ro\/studiu-personalizat\/\" \/>\n<meta property=\"og:locale\" content=\"ro_RO\" \/>\n<meta property=\"og:type\" content=\"article\" \/>\n<meta property=\"og:title\" content=\"Studiu personalizat | Piscine Desjoyaux\" \/>\n<meta property=\"og:description\" content=\"Contacta\u021bi-ne pentru a primi un studiu personalizat, adaptat proiectului dumneavoastr\u0103 de piscin\u0103.\" \/>\n<meta property=\"og:url\" content=\"https:\/\/www.desjoyaux.md\/ro\/studiu-personalizat\/\" \/>\n<meta property=\"og:site_name\" content=\"Piscines Desjoyaux\" \/>\n<meta property=\"article:publisher\" content=\"https:\/\/www.facebook.com\/Piscines.Desjoyaux\" \/>\n<meta property=\"article:modified_time\" content=\"2025-05-26T01:16:43+00:00\" \/>\n<meta name=\"twitter:card\" content=\"summary_large_image\" \/>\n<meta name=\"twitter:site\" content=\"@Desjoyaux_pools\" \/>\n<!-- \/ Yoast SEO plugin. -->","yoast_head_json":{"title":"Studiu personalizat | Piscine Desjoyaux","description":"Contacta\u021bi-ne pentru a primi un studiu personalizat, adaptat proiectului dumneavoastr\u0103 de piscin\u0103.","robots":{"index":"index","follow":"follow","max-snippet":"max-snippet:-1","max-image-preview":"max-image-preview:large","max-video-preview":"max-video-preview:-1"},"canonical":"https:\/\/www.desjoyaux.md\/ro\/studiu-personalizat\/","og_locale":"ro_RO","og_type":"article","og_title":"Studiu personalizat | Piscine Desjoyaux","og_description":"Contacta\u021bi-ne pentru a primi un studiu personalizat, adaptat proiectului dumneavoastr\u0103 de piscin\u0103.","og_url":"https:\/\/www.desjoyaux.md\/ro\/studiu-personalizat\/","og_site_name":"Piscines Desjoyaux","article_publisher":"https:\/\/www.facebook.com\/Piscines.Desjoyaux","article_modified_time":"2025-05-26T01:16:43+00:00","twitter_card":"summary_large_image","twitter_site":"@Desjoyaux_pools","schema":{"@context":"https:\/\/schema.org","@graph":[{"@type":"WebPage","@id":"https:\/\/www.desjoyaux.md\/ro\/studiu-personalizat\/","url":"https:\/\/www.desjoyaux.md\/ro\/studiu-personalizat\/","name":"Studiu personalizat | Piscine Desjoyaux","isPartOf":{"@id":"https:\/\/www.desjoyaux.md\/en\/#website"},"datePublished":"2025-05-20T05:22:58+00:00","dateModified":"2025-05-26T01:16:43+00:00","description":"Contacta\u021bi-ne pentru a primi un studiu personalizat, adaptat proiectului dumneavoastr\u0103 de piscin\u0103.","breadcrumb":{"@id":"https:\/\/www.desjoyaux.md\/ro\/studiu-personalizat\/#breadcrumb"},"inLanguage":"ro-RO","potentialAction":[{"@type":"ReadAction","target":["https:\/\/www.desjoyaux.md\/ro\/studiu-personalizat\/"]}]},{"@type":"BreadcrumbList","@id":"https:\/\/www.desjoyaux.md\/ro\/studiu-personalizat\/#breadcrumb","itemListElement":[{"@type":"ListItem","position":1,"name":"Home","item":"https:\/\/www.desjoyaux.md\/ro\/"},{"@type":"ListItem","position":2,"name":"Studiou Personalizat"}]},{"@type":"WebSite","@id":"https:\/\/www.desjoyaux.md\/en\/#website","url":"https:\/\/www.desjoyaux.md\/en\/","name":"Piscines Desjoyaux","description":"","potentialAction":[{"@type":"SearchAction","target":{"@type":"EntryPoint","urlTemplate":"https:\/\/www.desjoyaux.md\/en\/?s={search_term_string}"},"query-input":{"@type":"PropertyValueSpecification","valueRequired":true,"valueName":"search_term_string"}}],"inLanguage":"ro-RO"}]}},"_links":{"self":[{"href":"https:\/\/www.desjoyaux.md\/ro\/wp-json\/wp\/v2\/pages\/102704","targetHints":{"allow":["GET"]}}],"collection":[{"href":"https:\/\/www.desjoyaux.md\/ro\/wp-json\/wp\/v2\/pages"}],"about":[{"href":"https:\/\/www.desjoyaux.md\/ro\/wp-json\/wp\/v2\/types\/page"}],"author":[{"embeddable":true,"href":"https:\/\/www.desjoyaux.md\/ro\/wp-json\/wp\/v2\/users\/23"}],"replies":[{"embeddable":true,"href":"https:\/\/www.desjoyaux.md\/ro\/wp-json\/wp\/v2\/comments?post=102704"}],"version-history":[{"count":2,"href":"https:\/\/www.desjoyaux.md\/ro\/wp-json\/wp\/v2\/pages\/102704\/revisions"}],"predecessor-version":[{"id":103211,"href":"https:\/\/www.desjoyaux.md\/ro\/wp-json\/wp\/v2\/pages\/102704\/revisions\/103211"}],"wp:attachment":[{"href":"https:\/\/www.desjoyaux.md\/ro\/wp-json\/wp\/v2\/media?parent=102704"}],"curies":[{"name":"wp","href":"https:\/\/api.w.org\/{rel}","templated":true}]}}