{"id":102629,"date":"2025-05-19T17:46:42","date_gmt":"2025-05-19T14:46:42","guid":{"rendered":"https:\/\/www.desjoyaux.md\/renovare\/"},"modified":"2025-05-20T13:07:09","modified_gmt":"2025-05-20T10:07:09","slug":"renovare","status":"publish","type":"page","link":"https:\/\/www.desjoyaux.md\/ro\/renovare\/","title":{"rendered":"Ghid de renovare"},"content":{"rendered":"<!-- T\u00caTI\u00c8RE -->\n\n<section class=\"header\">\n    <div class=\"circle\">\n        <svg viewBox=\"0 0 1923 179.5\">\n            <path fill=\"white\" d=\"M0,0S423.59,179.5,987,179.5,1923,0,1923,0V179.5H0Z\" \/>\n        <\/svg>\n    <\/div>\n\n        <!-- get_field('mobile_logo', $homepage_id); pour le logo bleu -->\n\n\n    <a href=\"https:\/\/www.desjoyaux.md\/ro\/\" class=\"logo\">\n        <img loading=\"lazy\" decoding=\"async\" width=\"160\" height=\"80\" src=\"https:\/\/www.desjoyaux.md\/wp-content\/uploads\/2019\/12\/logo.png\" class=\"picture-mobile\" alt=\"logo\" \/><img loading=\"lazy\" decoding=\"async\" width=\"160\" height=\"80\" src=\"https:\/\/www.desjoyaux.md\/wp-content\/uploads\/2019\/12\/logo.png\" class=\"picture-desktop\" alt=\"logo\" \/>        <!-- <img decoding=\"async\" class=\"logo-noel\" style=\"width: 90px;height: 103px;\" src=\"\/wp-content\/uploads\/2019\/12\/logo3.gif\" alt=\"logo desjoyaux\" \/> -->\n    <\/a>\n\n    <div class=\"carousel\">\n                    <div class=\"slide\">\n                                <div class=\"media\">\n                                            <img loading=\"lazy\" decoding=\"async\" width=\"750\" height=\"1310\" src=\"https:\/\/www.desjoyaux.md\/wp-content\/uploads\/2020\/01\/tetiere-couple-quinquagenere-750x1310-1.jpg\" class=\"picture-mobile\" alt=\"tetiere_couple_quinquagenere_750x1310\" srcset=\"https:\/\/www.desjoyaux.md\/wp-content\/uploads\/2020\/01\/tetiere-couple-quinquagenere-750x1310-1.jpg 750w, https:\/\/www.desjoyaux.md\/wp-content\/uploads\/2020\/01\/tetiere-couple-quinquagenere-750x1310-1-172x300.jpg 172w, https:\/\/www.desjoyaux.md\/wp-content\/uploads\/2020\/01\/tetiere-couple-quinquagenere-750x1310-1-586x1024.jpg 586w\" sizes=\"auto, (max-width: 750px) 100vw, 750px\" \/><img loading=\"lazy\" decoding=\"async\" width=\"1920\" height=\"1280\" src=\"https:\/\/www.desjoyaux.md\/wp-content\/uploads\/2020\/01\/tetiere-couple-quinquagenere-full-1920x1280.jpg\" class=\"picture-desktop\" alt=\"Fun in the Pool\" srcset=\"https:\/\/www.desjoyaux.md\/wp-content\/uploads\/2020\/01\/tetiere-couple-quinquagenere-full-1920x1280.jpg 1920w, https:\/\/www.desjoyaux.md\/wp-content\/uploads\/2020\/01\/tetiere-couple-quinquagenere-full-300x200.jpg 300w, https:\/\/www.desjoyaux.md\/wp-content\/uploads\/2020\/01\/tetiere-couple-quinquagenere-full-1024x682.jpg 1024w, https:\/\/www.desjoyaux.md\/wp-content\/uploads\/2020\/01\/tetiere-couple-quinquagenere-full-768x512.jpg 768w, https:\/\/www.desjoyaux.md\/wp-content\/uploads\/2020\/01\/tetiere-couple-quinquagenere-full-1023x682.jpg 1023w, https:\/\/www.desjoyaux.md\/wp-content\/uploads\/2020\/01\/tetiere-couple-quinquagenere-full.jpg 2000w\" sizes=\"auto, (max-width: 1920px) 100vw, 1920px\" \/>                                    <\/div>\n                            <\/div>\n                    <div class=\"slide\">\n                                <div class=\"media\">\n                                            <img loading=\"lazy\" decoding=\"async\" width=\"1920\" height=\"1280\" src=\"https:\/\/www.desjoyaux.md\/wp-content\/uploads\/2020\/01\/tetiere-couple-quinquagenere-full-1920x1280.jpg\" class=\"attachment-full_hd size-full_hd\" alt=\"Fun in the Pool\" srcset=\"https:\/\/www.desjoyaux.md\/wp-content\/uploads\/2020\/01\/tetiere-couple-quinquagenere-full-1920x1280.jpg 1920w, https:\/\/www.desjoyaux.md\/wp-content\/uploads\/2020\/01\/tetiere-couple-quinquagenere-full-300x200.jpg 300w, https:\/\/www.desjoyaux.md\/wp-content\/uploads\/2020\/01\/tetiere-couple-quinquagenere-full-1024x682.jpg 1024w, https:\/\/www.desjoyaux.md\/wp-content\/uploads\/2020\/01\/tetiere-couple-quinquagenere-full-768x512.jpg 768w, https:\/\/www.desjoyaux.md\/wp-content\/uploads\/2020\/01\/tetiere-couple-quinquagenere-full-1023x682.jpg 1023w, https:\/\/www.desjoyaux.md\/wp-content\/uploads\/2020\/01\/tetiere-couple-quinquagenere-full.jpg 2000w\" sizes=\"auto, (max-width: 1920px) 100vw, 1920px\" \/>                                    <\/div>\n                            <\/div>\n            <\/div>\n    <!-- BREADCRUMB -->\n                    <div class=\"breadcrumb\">\n                                                                                                                                                                    <a href=\"https:\/\/www.desjoyaux.md\/ro\/\">Acas\u0103<\/a> \/ Ghid de renovare        <\/div>\n                <!-- END BREADCRUMB -->\n<\/section>\n<!-- END T\u00caTI\u00c8RE --><!-- TITRE -->\n<section class=\"title\">    \n    <div class=\"banner\">\n        <div class=\"half-circle\"><\/div>\n        <div class=\"title\">\n                            \n                <h1>Guide R\u00e9novation Piscine :<br\/> <strong>C\u00e2nd \u0219i cum?<\/strong><\/h1>\n                    <\/div>\n    <\/div>\n<\/section>\n<!-- END TITRE --><!-- DESCRIPTION -->\n<section class=\"description \">\n    <p>Construirea unei piscine este un proiect care necesit\u0103 \u00eentre\u021binere \u0219i uneori renovare. Renovarea are loc atunci c\u00e2nd piscina prezint\u0103 semne evidente de uzur\u0103.<\/p>\n<\/section>\n<!-- END DESCRIPTION -->\n\n<style>.button2 {\n      text-align: center;\n    }\n\n    a.button {\n      display: inline-block;\n      background-color: #FDDD04; \n      color: #2B4570; \n      padding: 15px 100px;\n      font-size: 20px;\n      border: none;\n      border-radius: 37px;\n      cursor: pointer;\n      overflow: hidden;\n      margin: 20px auto;\n      position: relative;\n      text-decoration: none;\n    }\n\n    a.button:before {\n      content: \"\";\n      position: absolute;\n      top: 0;\n      left: 0;\n      width: 100%;\n      height: 100%;\n      background: linear-gradient(90deg, transparent, rgba(255, 255, 255, 0.277), transparent);\n      transform: translateX(-100%);\n      transition: transform 0.77s;\n      pointer-events: none;\n    }\n\n    a.button:hover:before {\n      transform: translateX(100%);\n    }\n\n    a.button:hover {\n      background-color: #2B4570; \n      color: #FDDD04;\n    }\n  <\/style>\n\n<!-- TEMOIGNAGE VIDEO \/ TEXTE -->\n<section class=\"testimonyItem text leaf\">\n    <div class=\"illustration\"><\/div>\n\n    <div class=\"content text\">\n        <div class=\"illustration\"><\/div>\n        <div class=\"author\" style=\"background-color: #2B4570;\">\n            <h3>Nevoie de renovare<\/h3>\n            <p><\/p>\n        <\/div>\n        \n                    <div class=\"text\" style=\"background-color: #2B4570;\">\n                <p>Dup\u0103 un anumit num\u0103r de ani, unele elemente ale piscinei trebuie renovate sau modernizate f\u0103r\u0103 a fi nevoie s\u0103 se modifice \u00eentreaga construc\u021bie. \u00cen cazul renov\u0103rii, anumite elemente trebuie verificate cu aten\u021bie, cum ar fi c\u0103ptu\u0219eala (acoperirea piscinei) care asigur\u0103 impermeabilizarea, buna func\u021bionare a elementelor mecanice (cum ar fi sistemul de filtrare sau sistemul de \u00eenc\u0103lzire), de asemenea, structura piscinei (bazin, margini, sc\u0103ri etc.) poate fi, de asemenea, actualizat\u0103 din punct de vedere estetic.<br\/>\u00cen timp, piscina dumneavoastr\u0103 \u00eemb\u0103tr\u00e2ne\u0219te \u0219i pot ap\u0103rea unele semne de uzur\u0103. Prin urmare, este recomandabil s\u0103 se \u00eentreprind\u0103 unele lucr\u0103ri de renovare. Exper\u021bii Desjoyaux vor putea diagnostica renov\u0103rile care trebuie efectuate pentru a restaura cea mai frumoas\u0103 piscin\u0103 a dumneavoastr\u0103. Indiferent de lucr\u0103rile necesare, Desjoyaux va g\u0103si solu\u021bia adaptat\u0103 tipului dumneavoastr\u0103 de piscin\u0103 \u0219i dorin\u021belor dumneavoastr\u0103 de a-i da o nou\u0103 via\u021b\u0103.<\/p>\n                            <\/div>\n            <\/div>\n<\/section>\n<!-- END TEMOIGNAGE VIDEO \/ TEXTE -->\n<!-- TEMOIGNAGE VIDEO \/ TEXTE -->\n<section class=\"testimonyItem text swimmer\">\n    <div class=\"illustration\"><\/div>\n\n    <div class=\"content text\">\n        <div class=\"illustration\"><\/div>\n        <div class=\"author\" style=\"background-color: #C2ABC7;\">\n            <h3>D\u0103-i piscinei tale un nou look<\/h3>\n            <p><\/p>\n        <\/div>\n        \n                    <div class=\"text\" style=\"background-color: #C2ABC7;\">\n                <p>Lucr\u0103rile de renovare sunt, de asemenea, \u0219i chiar mai important, o oportunitate de a \u201ere\u00eentineri\u201d estetica piscinei dumneavoastr\u0103. Prin restaurarea aspectului s\u0103u estetic, v\u0103 ve\u021bi bucura din nou s\u0103 o vede\u021bi \u0219i, mai presus de toate, s\u0103 v\u0103 bucura\u021bi pe deplin de ea! Desjoyaux v\u0103 sprijin\u0103 \u00een acest proiect de restyling pentru a v\u0103 oferi toate op\u021biunile de renovare posibile: extindere, schimbare de form\u0103, integrarea unor sc\u0103ri sau a unei plaje etc. Ad\u0103ugarea de echipamente de confort poate fi, de asemenea, o solu\u021bie pentru a redescoperi pl\u0103cerea \u00eenotului: \u00eenot contracurent, \u00eenc\u0103lzire, ad\u0103posturi pentru piscin\u0103 etc. Descoperi\u021bi toate sfaturile noastre despre renovarea piscinei dumneavoastr\u0103, astfel \u00eenc\u00e2t s\u0103 v\u0103 pute\u021bi bucura de momente de \u00eenot de neuitat c\u00e2t mai mult timp posibil.<\/p>\n                            <\/div>\n            <\/div>\n<\/section>\n<!-- END TEMOIGNAGE VIDEO \/ TEXTE -->\n<span id=\"cadeau\" class=\"center-gift\" c-id=\"357GP66ME7\"><\/span>\n\n<div style=\"height:100px\" aria-hidden=\"true\" class=\"wp-block-spacer\"><\/div>\n","protected":false},"excerpt":{"rendered":"","protected":false},"author":23,"featured_media":0,"parent":0,"menu_order":0,"comment_status":"closed","ping_status":"closed","template":"","meta":{"_acf_changed":false,"_glsr_average":0,"_glsr_ranking":0,"_glsr_reviews":0,"footnotes":""},"class_list":["post-102629","page","type-page","status-publish","hentry"],"acf":[],"yoast_head":"<!-- This site is optimized with the Yoast SEO plugin v24.6 - https:\/\/yoast.com\/wordpress\/plugins\/seo\/ -->\n<title>Ghid de renovare | Piscines Desjoyaux<\/title>\n<meta name=\"description\" content=\"Afla\u021bi c\u00e2nd \u0219i cum s\u0103 v\u0103 renova\u021bi piscina Desjoyaux\" \/>\n<meta name=\"robots\" content=\"index, follow, max-snippet:-1, max-image-preview:large, max-video-preview:-1\" \/>\n<link rel=\"canonical\" href=\"https:\/\/www.desjoyaux.md\/ro\/102629-2\/\" \/>\n<meta property=\"og:locale\" content=\"ro_RO\" \/>\n<meta property=\"og:type\" content=\"article\" \/>\n<meta property=\"og:title\" content=\"Ghid de renovare | Piscines Desjoyaux\" \/>\n<meta property=\"og:description\" content=\"Afla\u021bi c\u00e2nd \u0219i cum s\u0103 v\u0103 renova\u021bi piscina Desjoyaux\" \/>\n<meta property=\"og:url\" content=\"https:\/\/www.desjoyaux.md\/ro\/102629-2\/\" \/>\n<meta property=\"og:site_name\" content=\"Piscines Desjoyaux\" \/>\n<meta property=\"article:publisher\" content=\"https:\/\/www.facebook.com\/Piscines.Desjoyaux\" \/>\n<meta property=\"article:modified_time\" content=\"2025-05-20T10:07:09+00:00\" \/>\n<meta name=\"twitter:card\" content=\"summary_large_image\" \/>\n<meta name=\"twitter:site\" content=\"@Desjoyaux_pools\" \/>\n<meta name=\"twitter:label1\" content=\"Timp estimat pentru citire\" \/>\n\t<meta name=\"twitter:data1\" content=\"1 minut\" \/>\n<!-- \/ Yoast SEO plugin. -->","yoast_head_json":{"title":"Ghid de renovare | Piscines Desjoyaux","description":"Afla\u021bi c\u00e2nd \u0219i cum s\u0103 v\u0103 renova\u021bi piscina Desjoyaux","robots":{"index":"index","follow":"follow","max-snippet":"max-snippet:-1","max-image-preview":"max-image-preview:large","max-video-preview":"max-video-preview:-1"},"canonical":"https:\/\/www.desjoyaux.md\/ro\/102629-2\/","og_locale":"ro_RO","og_type":"article","og_title":"Ghid de renovare | Piscines Desjoyaux","og_description":"Afla\u021bi c\u00e2nd \u0219i cum s\u0103 v\u0103 renova\u021bi piscina Desjoyaux","og_url":"https:\/\/www.desjoyaux.md\/ro\/102629-2\/","og_site_name":"Piscines Desjoyaux","article_publisher":"https:\/\/www.facebook.com\/Piscines.Desjoyaux","article_modified_time":"2025-05-20T10:07:09+00:00","twitter_card":"summary_large_image","twitter_site":"@Desjoyaux_pools","twitter_misc":{"Timp estimat pentru citire":"1 minut"},"schema":{"@context":"https:\/\/schema.org","@graph":[{"@type":"WebPage","@id":"https:\/\/www.desjoyaux.md\/ro\/102629-2\/","url":"https:\/\/www.desjoyaux.md\/ro\/102629-2\/","name":"Ghid de renovare | Piscines Desjoyaux","isPartOf":{"@id":"https:\/\/www.desjoyaux.md\/en\/#website"},"datePublished":"2025-05-19T14:46:42+00:00","dateModified":"2025-05-20T10:07:09+00:00","description":"Afla\u021bi c\u00e2nd \u0219i cum s\u0103 v\u0103 renova\u021bi piscina Desjoyaux","breadcrumb":{"@id":"https:\/\/www.desjoyaux.md\/ro\/102629-2\/#breadcrumb"},"inLanguage":"ro-RO","potentialAction":[{"@type":"ReadAction","target":["https:\/\/www.desjoyaux.md\/ro\/102629-2\/"]}]},{"@type":"BreadcrumbList","@id":"https:\/\/www.desjoyaux.md\/ro\/102629-2\/#breadcrumb","itemListElement":[{"@type":"ListItem","position":1,"name":"Home","item":"https:\/\/www.desjoyaux.md\/ro\/"},{"@type":"ListItem","position":2,"name":"Ghid de renovare"}]},{"@type":"WebSite","@id":"https:\/\/www.desjoyaux.md\/en\/#website","url":"https:\/\/www.desjoyaux.md\/en\/","name":"Piscines Desjoyaux","description":"","potentialAction":[{"@type":"SearchAction","target":{"@type":"EntryPoint","urlTemplate":"https:\/\/www.desjoyaux.md\/en\/?s={search_term_string}"},"query-input":{"@type":"PropertyValueSpecification","valueRequired":true,"valueName":"search_term_string"}}],"inLanguage":"ro-RO"}]}},"_links":{"self":[{"href":"https:\/\/www.desjoyaux.md\/ro\/wp-json\/wp\/v2\/pages\/102629","targetHints":{"allow":["GET"]}}],"collection":[{"href":"https:\/\/www.desjoyaux.md\/ro\/wp-json\/wp\/v2\/pages"}],"about":[{"href":"https:\/\/www.desjoyaux.md\/ro\/wp-json\/wp\/v2\/types\/page"}],"author":[{"embeddable":true,"href":"https:\/\/www.desjoyaux.md\/ro\/wp-json\/wp\/v2\/users\/23"}],"replies":[{"embeddable":true,"href":"https:\/\/www.desjoyaux.md\/ro\/wp-json\/wp\/v2\/comments?post=102629"}],"version-history":[{"count":6,"href":"https:\/\/www.desjoyaux.md\/ro\/wp-json\/wp\/v2\/pages\/102629\/revisions"}],"predecessor-version":[{"id":102833,"href":"https:\/\/www.desjoyaux.md\/ro\/wp-json\/wp\/v2\/pages\/102629\/revisions\/102833"}],"wp:attachment":[{"href":"https:\/\/www.desjoyaux.md\/ro\/wp-json\/wp\/v2\/media?parent=102629"}],"curies":[{"name":"wp","href":"https:\/\/api.w.org\/{rel}","templated":true}]}}